{"id":991,"date":"2020-08-31T23:12:53","date_gmt":"2020-08-31T21:12:53","guid":{"rendered":"https:\/\/sven-krueger.com\/?page_id=991"},"modified":"2020-09-02T09:23:32","modified_gmt":"2020-09-02T07:23:32","slug":"partner","status":"publish","type":"page","link":"https:\/\/sven-krueger.com\/?page_id=991","title":{"rendered":"Partner"},"content":{"rendered":"<p>[et_pb_section fb_built=&#8220;1&#8243; _builder_version=&#8220;4.5.7&#8243; _module_preset=&#8220;default&#8220;][et_pb_row _builder_version=&#8220;4.5.7&#8243; _module_preset=&#8220;default&#8220;][et_pb_column type=&#8220;4_4&#8243; _builder_version=&#8220;4.5.7&#8243; _module_preset=&#8220;default&#8220;][et_pb_text _builder_version=&#8220;4.5.7&#8243; _module_preset=&#8220;default&#8220; text_font=&#8220;Lato||||||||&#8220; text_text_color=&#8220;#000000&#8243; text_font_size=&#8220;18px&#8220;]<\/p>\n<p>Hier finden Sie demn\u00e4chst eine \u00dcbersicht der wunderbaren Partner, mit denen ich zusammenarbeite.<\/p>\n<p>Wenn Sie selbst an einer Zusammenarbeit interessiert sind, freue ich mich \u00fcber Ihren Kontakt, um mit Ihnen dar\u00fcber zu sprechen, was m\u00f6glich und sinnvoll ist. Ein paar meiner Voraussetzungen finden Sie unter <a href=\"http:\/\/www.sven-krueger.com\/projekte\">PROJEKTE<\/a>.<\/p>\n<p>&nbsp;<\/p>\n<p>&nbsp;<\/p>\n<p>[\/et_pb_text][\/et_pb_column][\/et_pb_row][\/et_pb_section][et_pb_section fb_built=&#8220;1&#8243; admin_label=&#8220;Footer&#8220; _builder_version=&#8220;4.5.0&#8243; background_color=&#8220;#000000&#8243; custom_padding=&#8220;1px||2px|||&#8220; locked=&#8220;off&#8220; global_module=&#8220;998&#8243;][et_pb_row column_structure=&#8220;1_4,1_4,1_2&#8243; _builder_version=&#8220;4.4.5&#8243; custom_css_main_element=&#8220;overflow: visible !important;&#8220;][et_pb_column type=&#8220;1_4&#8243; _builder_version=&#8220;4.4.5&#8243;][et_pb_text _builder_version=&#8220;4.5.7&#8243; text_font=&#8220;Lato||||||||&#8220; text_text_color=&#8220;#ffffff&#8220; text_font_size=&#8220;18px&#8220; text_line_height=&#8220;1.3em&#8220; link_font=&#8220;Nunito||||||||&#8220; link_text_color=&#8220;#ffffff&#8220; header_font=&#8220;Heebo||||||||&#8220; header_text_color=&#8220;#ffffff&#8220; header_2_text_color=&#8220;#000000&#8243; header_3_font=&#8220;Lato|700|||||||&#8220; header_3_text_color=&#8220;#ffffff&#8220; header_3_font_size=&#8220;20px&#8220; header_3_line_height=&#8220;1.5em&#8220; text_font_size_tablet=&#8220;&#8220; text_font_size_phone=&#8220;14px&#8220; text_font_size_last_edited=&#8220;on|phone&#8220; link_text_color__hover_enabled=&#8220;on|hover&#8220; link_text_color__hover=&#8220;#0c71c3&#8243;]<\/p>\n<h3>Leistungen<\/h3>\n<p>[\/et_pb_text][et_pb_button button_url=&#8220;@ET-DC@eyJkeW5hbWljIjp0cnVlLCJjb250ZW50IjoicG9zdF9saW5rX3VybF9wYWdlIiwic2V0dGluZ3MiOnsicG9zdF9pZCI6IjU4NSJ9fQ==@&#8220; button_text=&#8220;Coaching&#8220; button_alignment=&#8220;left&#8220; _builder_version=&#8220;4.5.7&#8243; _dynamic_attributes=&#8220;button_url&#8220; _module_preset=&#8220;default&#8220; custom_button=&#8220;on&#8220; button_text_size=&#8220;18px&#8220; button_text_color=&#8220;#ffffff&#8220; button_border_width=&#8220;0px&#8220; button_border_color=&#8220;rgba(0,0,0,0)&#8220; button_font=&#8220;Lato||||||||&#8220; background_layout=&#8220;dark&#8220; custom_margin=&#8220;-30px|||-16px|false|false&#8220; custom_padding=&#8220;0px||||false|false&#8220;][\/et_pb_button][et_pb_button button_url=&#8220;@ET-DC@eyJkeW5hbWljIjp0cnVlLCJjb250ZW50IjoicG9zdF9saW5rX3VybF9wYWdlIiwic2V0dGluZ3MiOnsicG9zdF9pZCI6IjgyMCJ9fQ==@&#8220; button_text=&#8220;Beratung&#8220; button_alignment=&#8220;left&#8220; _builder_version=&#8220;4.5.7&#8243; _dynamic_attributes=&#8220;button_url&#8220; _module_preset=&#8220;default&#8220; custom_button=&#8220;on&#8220; button_text_size=&#8220;18px&#8220; button_text_color=&#8220;#ffffff&#8220; button_border_width=&#8220;0px&#8220; button_border_color=&#8220;rgba(0,0,0,0)&#8220; button_font=&#8220;Lato||||||||&#8220; background_layout=&#8220;dark&#8220; custom_margin=&#8220;-30px|||-16px|false|false&#8220; custom_padding=&#8220;0px||||false|false&#8220;][\/et_pb_button][et_pb_button button_url=&#8220;@ET-DC@eyJkeW5hbWljIjp0cnVlLCJjb250ZW50IjoicG9zdF9saW5rX3VybF9wYWdlIiwic2V0dGluZ3MiOnsicG9zdF9pZCI6IjE1NCJ9fQ==@&#8220; button_text=&#8220;Vortr\u00e4ge&#8220; button_alignment=&#8220;left&#8220; _builder_version=&#8220;4.5.7&#8243; _dynamic_attributes=&#8220;button_url&#8220; _module_preset=&#8220;default&#8220; custom_button=&#8220;on&#8220; button_text_size=&#8220;18px&#8220; button_text_color=&#8220;#ffffff&#8220; button_border_width=&#8220;0px&#8220; button_border_color=&#8220;rgba(0,0,0,0)&#8220; button_font=&#8220;Lato||||||||&#8220; background_layout=&#8220;dark&#8220; custom_margin=&#8220;-30px|||-16px|false|false&#8220; custom_padding=&#8220;0px||||false|false&#8220;][\/et_pb_button][et_pb_button button_url=&#8220;@ET-DC@eyJkeW5hbWljIjp0cnVlLCJjb250ZW50IjoicG9zdF9saW5rX3VybF9wYWdlIiwic2V0dGluZ3MiOnsicG9zdF9pZCI6IjU5NSJ9fQ==@&#8220; button_text=&#8220;Projekte&#8220; button_alignment=&#8220;left&#8220; _builder_version=&#8220;4.5.7&#8243; _dynamic_attributes=&#8220;button_url&#8220; _module_preset=&#8220;default&#8220; custom_button=&#8220;on&#8220; button_text_size=&#8220;18px&#8220; button_text_color=&#8220;#ffffff&#8220; button_border_width=&#8220;0px&#8220; button_border_color=&#8220;rgba(0,0,0,0)&#8220; button_font=&#8220;Lato||||||||&#8220; background_layout=&#8220;dark&#8220; custom_margin=&#8220;-30px|||-16px|false|false&#8220; custom_padding=&#8220;0px||||false|false&#8220;][\/et_pb_button][\/et_pb_column][et_pb_column type=&#8220;1_4&#8243; _builder_version=&#8220;4.4.5&#8243;][et_pb_text _builder_version=&#8220;4.5.7&#8243; text_font=&#8220;Lato||||||||&#8220; text_text_color=&#8220;#ffffff&#8220; text_font_size=&#8220;18px&#8220; text_line_height=&#8220;1.3em&#8220; link_font=&#8220;Nunito||||||||&#8220; link_text_color=&#8220;#ffffff&#8220; header_font=&#8220;Heebo||||||||&#8220; header_text_color=&#8220;#ffffff&#8220; header_2_text_color=&#8220;#000000&#8243; header_3_font=&#8220;Lato|700|||||||&#8220; header_3_text_color=&#8220;#ffffff&#8220; header_3_font_size=&#8220;20px&#8220; header_3_line_height=&#8220;1.5em&#8220; text_font_size_tablet=&#8220;&#8220; text_font_size_phone=&#8220;14px&#8220; text_font_size_last_edited=&#8220;on|phone&#8220; locked=&#8220;off&#8220; link_text_color__hover=&#8220;#0c71c3&#8243; link_text_color__hover_enabled=&#8220;on|hover&#8220;]<\/p>\n<h3>Weitere Infos<\/h3>\n<p>[\/et_pb_text][et_pb_button button_url=&#8220;@ET-DC@eyJkeW5hbWljIjp0cnVlLCJjb250ZW50IjoicG9zdF9saW5rX3VybF9wYWdlIiwic2V0dGluZ3MiOnsicG9zdF9pZCI6IjE4NCJ9fQ==@&#8220; button_text=&#8220;Profil&#8220; button_alignment=&#8220;left&#8220; _builder_version=&#8220;4.5.7&#8243; _dynamic_attributes=&#8220;button_url&#8220; _module_preset=&#8220;default&#8220; custom_button=&#8220;on&#8220; button_text_size=&#8220;18px&#8220; button_text_color=&#8220;#ffffff&#8220; button_border_width=&#8220;0px&#8220; button_border_color=&#8220;rgba(0,0,0,0)&#8220; button_font=&#8220;Lato||||||||&#8220; background_layout=&#8220;dark&#8220; custom_margin=&#8220;-30px|||-16px|false|false&#8220; custom_padding=&#8220;0px||||false|false&#8220;][\/et_pb_button][et_pb_button button_url=&#8220;@ET-DC@eyJkeW5hbWljIjp0cnVlLCJjb250ZW50IjoicG9zdF9saW5rX3VybF9wYWdlIiwic2V0dGluZ3MiOnsicG9zdF9pZCI6Ijk5MSJ9fQ==@&#8220; button_text=&#8220;Partner&#8220; button_alignment=&#8220;left&#8220; _builder_version=&#8220;4.5.7&#8243; _dynamic_attributes=&#8220;button_url&#8220; _module_preset=&#8220;default&#8220; custom_button=&#8220;on&#8220; button_text_size=&#8220;18px&#8220; button_text_color=&#8220;#ffffff&#8220; button_border_width=&#8220;0px&#8220; button_border_color=&#8220;rgba(0,0,0,0)&#8220; button_font=&#8220;Lato||||||||&#8220; background_layout=&#8220;dark&#8220; custom_margin=&#8220;-30px|||-16px|false|false&#8220; custom_padding=&#8220;0px||||false|false&#8220;][\/et_pb_button][et_pb_button button_url=&#8220;@ET-DC@eyJkeW5hbWljIjp0cnVlLCJjb250ZW50IjoicG9zdF9saW5rX3VybF9wYWdlIiwic2V0dGluZ3MiOnsicG9zdF9pZCI6IjU5OCJ9fQ==@&#8220; button_text=&#8220;Podcast&#8220; button_alignment=&#8220;left&#8220; _builder_version=&#8220;4.5.7&#8243; _dynamic_attributes=&#8220;button_url&#8220; _module_preset=&#8220;default&#8220; custom_button=&#8220;on&#8220; button_text_size=&#8220;18px&#8220; button_text_color=&#8220;#ffffff&#8220; button_border_width=&#8220;0px&#8220; button_border_color=&#8220;rgba(0,0,0,0)&#8220; button_font=&#8220;Lato||||||||&#8220; background_layout=&#8220;dark&#8220; custom_margin=&#8220;-30px|||-16px|false|false&#8220; custom_padding=&#8220;0px||||false|false&#8220;][\/et_pb_button][\/et_pb_column][et_pb_column type=&#8220;1_2&#8243; _builder_version=&#8220;4.4.5&#8243;][et_pb_social_media_follow _builder_version=&#8220;4.5.0&#8243;][et_pb_social_media_follow_network social_network=&#8220;linkedin&#8220; url=&#8220;https:\/\/www.linkedin.com\/in\/svenkrueger\/&#8220; _builder_version=&#8220;4.4.9&#8243; background_color=&#8220;#007bb6&#8243; follow_button=&#8220;off&#8220; url_new_window=&#8220;on&#8220;]linkedin[\/et_pb_social_media_follow_network][et_pb_social_media_follow_network social_network=&#8220;twitter&#8220; url=&#8220;https:\/\/twitter.com\/svnkrgr&#8220; _builder_version=&#8220;4.5.0&#8243; background_color=&#8220;#00aced&#8220; follow_button=&#8220;off&#8220; url_new_window=&#8220;on&#8220;]twitter[\/et_pb_social_media_follow_network][et_pb_social_media_follow_network social_network=&#8220;instagram&#8220; url=&#8220;https:\/\/www.instagram.com\/svnkrgr\/&#8220; _builder_version=&#8220;4.4.9&#8243; background_color=&#8220;#ea2c59&#8243; follow_button=&#8220;off&#8220; url_new_window=&#8220;on&#8220;]instagram[\/et_pb_social_media_follow_network][et_pb_social_media_follow_network social_network=&#8220;youtube&#8220; url=&#8220;https:\/\/www.youtube.com\/feed\/my_videos&#8220; _builder_version=&#8220;4.4.9&#8243; background_color=&#8220;#a82400&#8243; follow_button=&#8220;off&#8220; url_new_window=&#8220;on&#8220;]youtube[\/et_pb_social_media_follow_network][\/et_pb_social_media_follow][\/et_pb_column][\/et_pb_row][\/et_pb_section]<\/p>\n","protected":false},"excerpt":{"rendered":"<p>Hier finden Sie demn\u00e4chst eine \u00dcbersicht der wunderbaren Partner, mit denen ich zusammenarbeite. Wenn Sie selbst an einer Zusammenarbeit interessiert sind, freue ich mich \u00fcber Ihren Kontakt, um mit Ihnen dar\u00fcber zu sprechen, was m\u00f6glich und sinnvoll ist. Ein paar meiner Voraussetzungen finden Sie unter PROJEKTE. &nbsp; &nbsp;LeistungenWeitere Infos<\/p>\n","protected":false},"author":1,"featured_media":0,"parent":0,"menu_order":0,"comment_status":"closed","ping_status":"closed","template":"","meta":{"_et_pb_use_builder":"on","_et_pb_old_content":"","_et_gb_content_width":"","footnotes":""},"class_list":["post-991","page","type-page","status-publish","hentry"],"yoast_head":"<!-- This site is optimized with the Yoast SEO plugin v27.5 - https:\/\/yoast.com\/product\/yoast-seo-wordpress\/ -->\n<title>Partner - Sven Kr\u00fcger - MAKEbelieve<\/title>\n<meta name=\"robots\" content=\"index, follow, max-snippet:-1, max-image-preview:large, max-video-preview:-1\" \/>\n<link rel=\"canonical\" href=\"https:\/\/sven-krueger.com\/?page_id=991\" \/>\n<meta property=\"og:locale\" content=\"de_DE\" \/>\n<meta property=\"og:type\" content=\"article\" \/>\n<meta property=\"og:title\" content=\"Partner - Sven Kr\u00fcger - MAKEbelieve\" \/>\n<meta property=\"og:description\" content=\"Hier finden Sie demn\u00e4chst eine \u00dcbersicht der wunderbaren Partner, mit denen ich zusammenarbeite. Wenn Sie selbst an einer Zusammenarbeit interessiert sind, freue ich mich \u00fcber Ihren Kontakt, um mit Ihnen dar\u00fcber zu sprechen, was m\u00f6glich und sinnvoll ist. Ein paar meiner Voraussetzungen finden Sie unter PROJEKTE. &nbsp; &nbsp;LeistungenWeitere Infos\" \/>\n<meta property=\"og:url\" content=\"https:\/\/sven-krueger.com\/?page_id=991\" \/>\n<meta property=\"og:site_name\" content=\"Sven Kr\u00fcger - MAKEbelieve\" \/>\n<meta property=\"article:modified_time\" content=\"2020-09-02T07:23:32+00:00\" \/>\n<meta name=\"twitter:card\" content=\"summary_large_image\" \/>\n<meta name=\"twitter:site\" content=\"@svnkrgr\" \/>\n<meta name=\"twitter:label1\" content=\"Gesch\u00e4tzte Lesezeit\" \/>\n\t<meta name=\"twitter:data1\" content=\"5\u00a0Minuten\" \/>\n<script type=\"application\/ld+json\" class=\"yoast-schema-graph\">{\"@context\":\"https:\\\/\\\/schema.org\",\"@graph\":[{\"@type\":\"WebPage\",\"@id\":\"https:\\\/\\\/sven-krueger.com\\\/?page_id=991\",\"url\":\"https:\\\/\\\/sven-krueger.com\\\/?page_id=991\",\"name\":\"Partner - Sven Kr\u00fcger - MAKEbelieve\",\"isPartOf\":{\"@id\":\"https:\\\/\\\/sven-krueger.com\\\/#website\"},\"datePublished\":\"2020-08-31T21:12:53+00:00\",\"dateModified\":\"2020-09-02T07:23:32+00:00\",\"breadcrumb\":{\"@id\":\"https:\\\/\\\/sven-krueger.com\\\/?page_id=991#breadcrumb\"},\"inLanguage\":\"de\",\"potentialAction\":[{\"@type\":\"ReadAction\",\"target\":[\"https:\\\/\\\/sven-krueger.com\\\/?page_id=991\"]}]},{\"@type\":\"BreadcrumbList\",\"@id\":\"https:\\\/\\\/sven-krueger.com\\\/?page_id=991#breadcrumb\",\"itemListElement\":[{\"@type\":\"ListItem\",\"position\":1,\"name\":\"Startseite\",\"item\":\"https:\\\/\\\/sven-krueger.com\\\/\"},{\"@type\":\"ListItem\",\"position\":2,\"name\":\"Partner\"}]},{\"@type\":\"WebSite\",\"@id\":\"https:\\\/\\\/sven-krueger.com\\\/#website\",\"url\":\"https:\\\/\\\/sven-krueger.com\\\/\",\"name\":\"Sven Kr\u00fcger - MAKEbelieve\",\"description\":\"Executive Coaching | Marketing &amp; Digital Business Consulting | Mediation | Keynotespeaker\",\"publisher\":{\"@id\":\"https:\\\/\\\/sven-krueger.com\\\/#\\\/schema\\\/person\\\/90950e321735d2261e195a227d8ed320\"},\"potentialAction\":[{\"@type\":\"SearchAction\",\"target\":{\"@type\":\"EntryPoint\",\"urlTemplate\":\"https:\\\/\\\/sven-krueger.com\\\/?s={search_term_string}\"},\"query-input\":{\"@type\":\"PropertyValueSpecification\",\"valueRequired\":true,\"valueName\":\"search_term_string\"}}],\"inLanguage\":\"de\"},{\"@type\":[\"Person\",\"Organization\"],\"@id\":\"https:\\\/\\\/sven-krueger.com\\\/#\\\/schema\\\/person\\\/90950e321735d2261e195a227d8ed320\",\"name\":\"Sven Kr\u00fcger\",\"image\":{\"@type\":\"ImageObject\",\"inLanguage\":\"de\",\"@id\":\"https:\\\/\\\/sven-krueger.com\\\/wp-content\\\/uploads\\\/2020\\\/08\\\/Sven-Kru\u0308ger.jpg\",\"url\":\"https:\\\/\\\/sven-krueger.com\\\/wp-content\\\/uploads\\\/2020\\\/08\\\/Sven-Kru\u0308ger.jpg\",\"contentUrl\":\"https:\\\/\\\/sven-krueger.com\\\/wp-content\\\/uploads\\\/2020\\\/08\\\/Sven-Kru\u0308ger.jpg\",\"width\":688,\"height\":687,\"caption\":\"Sven Kr\u00fcger\"},\"logo\":{\"@id\":\"https:\\\/\\\/sven-krueger.com\\\/wp-content\\\/uploads\\\/2020\\\/08\\\/Sven-Kru\u0308ger.jpg\"},\"sameAs\":[\"http:\\\/\\\/sven-krueger.com\",\"https:\\\/\\\/www.instagram.com\\\/svnkrgr\\\/\",\"https:\\\/\\\/www.linkedin.com\\\/in\\\/svenkrueger\\\/\",\"https:\\\/\\\/x.com\\\/svnkrgr\"]}]}<\/script>\n<!-- \/ Yoast SEO plugin. -->","yoast_head_json":{"title":"Partner - Sven Kr\u00fcger - MAKEbelieve","robots":{"index":"index","follow":"follow","max-snippet":"max-snippet:-1","max-image-preview":"max-image-preview:large","max-video-preview":"max-video-preview:-1"},"canonical":"https:\/\/sven-krueger.com\/?page_id=991","og_locale":"de_DE","og_type":"article","og_title":"Partner - Sven Kr\u00fcger - MAKEbelieve","og_description":"Hier finden Sie demn\u00e4chst eine \u00dcbersicht der wunderbaren Partner, mit denen ich zusammenarbeite. Wenn Sie selbst an einer Zusammenarbeit interessiert sind, freue ich mich \u00fcber Ihren Kontakt, um mit Ihnen dar\u00fcber zu sprechen, was m\u00f6glich und sinnvoll ist. Ein paar meiner Voraussetzungen finden Sie unter PROJEKTE. &nbsp; &nbsp;LeistungenWeitere Infos","og_url":"https:\/\/sven-krueger.com\/?page_id=991","og_site_name":"Sven Kr\u00fcger - MAKEbelieve","article_modified_time":"2020-09-02T07:23:32+00:00","twitter_card":"summary_large_image","twitter_site":"@svnkrgr","twitter_misc":{"Gesch\u00e4tzte Lesezeit":"5\u00a0Minuten"},"schema":{"@context":"https:\/\/schema.org","@graph":[{"@type":"WebPage","@id":"https:\/\/sven-krueger.com\/?page_id=991","url":"https:\/\/sven-krueger.com\/?page_id=991","name":"Partner - Sven Kr\u00fcger - MAKEbelieve","isPartOf":{"@id":"https:\/\/sven-krueger.com\/#website"},"datePublished":"2020-08-31T21:12:53+00:00","dateModified":"2020-09-02T07:23:32+00:00","breadcrumb":{"@id":"https:\/\/sven-krueger.com\/?page_id=991#breadcrumb"},"inLanguage":"de","potentialAction":[{"@type":"ReadAction","target":["https:\/\/sven-krueger.com\/?page_id=991"]}]},{"@type":"BreadcrumbList","@id":"https:\/\/sven-krueger.com\/?page_id=991#breadcrumb","itemListElement":[{"@type":"ListItem","position":1,"name":"Startseite","item":"https:\/\/sven-krueger.com\/"},{"@type":"ListItem","position":2,"name":"Partner"}]},{"@type":"WebSite","@id":"https:\/\/sven-krueger.com\/#website","url":"https:\/\/sven-krueger.com\/","name":"Sven Kr\u00fcger - MAKEbelieve","description":"Executive Coaching | Marketing &amp; Digital Business Consulting | Mediation | Keynotespeaker","publisher":{"@id":"https:\/\/sven-krueger.com\/#\/schema\/person\/90950e321735d2261e195a227d8ed320"},"potentialAction":[{"@type":"SearchAction","target":{"@type":"EntryPoint","urlTemplate":"https:\/\/sven-krueger.com\/?s={search_term_string}"},"query-input":{"@type":"PropertyValueSpecification","valueRequired":true,"valueName":"search_term_string"}}],"inLanguage":"de"},{"@type":["Person","Organization"],"@id":"https:\/\/sven-krueger.com\/#\/schema\/person\/90950e321735d2261e195a227d8ed320","name":"Sven Kr\u00fcger","image":{"@type":"ImageObject","inLanguage":"de","@id":"https:\/\/sven-krueger.com\/wp-content\/uploads\/2020\/08\/Sven-Kru\u0308ger.jpg","url":"https:\/\/sven-krueger.com\/wp-content\/uploads\/2020\/08\/Sven-Kru\u0308ger.jpg","contentUrl":"https:\/\/sven-krueger.com\/wp-content\/uploads\/2020\/08\/Sven-Kru\u0308ger.jpg","width":688,"height":687,"caption":"Sven Kr\u00fcger"},"logo":{"@id":"https:\/\/sven-krueger.com\/wp-content\/uploads\/2020\/08\/Sven-Kru\u0308ger.jpg"},"sameAs":["http:\/\/sven-krueger.com","https:\/\/www.instagram.com\/svnkrgr\/","https:\/\/www.linkedin.com\/in\/svenkrueger\/","https:\/\/x.com\/svnkrgr"]}]}},"_links":{"self":[{"href":"https:\/\/sven-krueger.com\/index.php?rest_route=\/wp\/v2\/pages\/991","targetHints":{"allow":["GET"]}}],"collection":[{"href":"https:\/\/sven-krueger.com\/index.php?rest_route=\/wp\/v2\/pages"}],"about":[{"href":"https:\/\/sven-krueger.com\/index.php?rest_route=\/wp\/v2\/types\/page"}],"author":[{"embeddable":true,"href":"https:\/\/sven-krueger.com\/index.php?rest_route=\/wp\/v2\/users\/1"}],"replies":[{"embeddable":true,"href":"https:\/\/sven-krueger.com\/index.php?rest_route=%2Fwp%2Fv2%2Fcomments&post=991"}],"version-history":[{"count":8,"href":"https:\/\/sven-krueger.com\/index.php?rest_route=\/wp\/v2\/pages\/991\/revisions"}],"predecessor-version":[{"id":1147,"href":"https:\/\/sven-krueger.com\/index.php?rest_route=\/wp\/v2\/pages\/991\/revisions\/1147"}],"wp:attachment":[{"href":"https:\/\/sven-krueger.com\/index.php?rest_route=%2Fwp%2Fv2%2Fmedia&parent=991"}],"curies":[{"name":"wp","href":"https:\/\/api.w.org\/{rel}","templated":true}]}}