{"id":598,"date":"2020-07-19T23:14:00","date_gmt":"2020-07-19T21:14:00","guid":{"rendered":"https:\/\/svenkrueger.businessinfluencer.de\/?page_id=598"},"modified":"2020-09-01T23:55:01","modified_gmt":"2020-09-01T21:55:01","slug":"podcast","status":"publish","type":"page","link":"https:\/\/sven-krueger.com\/?page_id=598","title":{"rendered":"Podcast"},"content":{"rendered":"<p>[et_pb_section fb_built=&#8220;1&#8243; _builder_version=&#8220;4.5.0&#8243; _module_preset=&#8220;default&#8220;][et_pb_row _builder_version=&#8220;4.5.7&#8243; _module_preset=&#8220;default&#8220;][et_pb_column _builder_version=&#8220;4.5.7&#8243; _module_preset=&#8220;default&#8220; type=&#8220;4_4&#8243;][et_pb_text _builder_version=&#8220;4.5.7&#8243; _module_preset=&#8220;default&#8220; hover_enabled=&#8220;0&#8243; text_font=&#8220;Lato||||||||&#8220; text_text_color=&#8220;#000000&#8243; text_font_size=&#8220;18px&#8220; header_2_font=&#8220;Lato|700|||||||&#8220; header_2_text_color=&#8220;#000000&#8243; header_2_font_size=&#8220;30px&#8220;]<\/p>\n<h2>Podcast<\/h2>\n<p>Hier &#8211; und auf den g\u00e4ngigen Podcast-Plattformen &#8211; finden Sie demn\u00e4chst den MAKEbelieve-Podcast von Sven Kr\u00fcger.<\/p>\n<p>&nbsp;<\/p>\n<p>[\/et_pb_text][\/et_pb_column][\/et_pb_row][et_pb_row _builder_version=&#8220;4.5.7&#8243; _module_preset=&#8220;default&#8220;][et_pb_column _builder_version=&#8220;4.5.7&#8243; _module_preset=&#8220;default&#8220; type=&#8220;4_4&#8243;][et_pb_image src=&#8220;https:\/\/sven-krueger.com\/wp-content\/uploads\/2020\/09\/IMG_4123-scaled.jpg&#8220; _builder_version=&#8220;4.5.7&#8243; _module_preset=&#8220;default&#8220; alt=&#8220;MAKEbelieve Podcast mit Sven Kr\u00fcger&#8220; title_text=&#8220;MAKEbelieve Podcast mit Sven Kr\u00fcger&#8220; hover_enabled=&#8220;0&#8243;][\/et_pb_image][et_pb_text _builder_version=&#8220;4.5.7&#8243; _module_preset=&#8220;default&#8220; text_font=&#8220;Lato||||||||&#8220; text_font_size=&#8220;12px&#8220; text_text_color=&#8220;#000000&#8243; hover_enabled=&#8220;0&#8243; custom_margin=&#8220;-27px|||||&#8220;]<\/p>\n<p>Foto: Julia Saslawskij\u00a0<\/p>\n<p>[\/et_pb_text][\/et_pb_column][\/et_pb_row][\/et_pb_section][et_pb_section fb_built=&#8220;1&#8243; admin_label=&#8220;Footer&#8220; _builder_version=&#8220;4.5.0&#8243; background_color=&#8220;#000000&#8243; custom_padding=&#8220;1px||2px|||&#8220; locked=&#8220;off&#8220; global_module=&#8220;998&#8243;][et_pb_row column_structure=&#8220;1_4,1_4,1_2&#8243; _builder_version=&#8220;4.4.5&#8243; custom_css_main_element=&#8220;overflow: visible !important;&#8220;][et_pb_column type=&#8220;1_4&#8243; _builder_version=&#8220;4.4.5&#8243;][et_pb_text _builder_version=&#8220;4.5.7&#8243; text_font=&#8220;Lato||||||||&#8220; text_text_color=&#8220;#ffffff&#8220; text_font_size=&#8220;18px&#8220; text_line_height=&#8220;1.3em&#8220; link_font=&#8220;Nunito||||||||&#8220; link_text_color=&#8220;#ffffff&#8220; header_font=&#8220;Heebo||||||||&#8220; header_text_color=&#8220;#ffffff&#8220; header_2_text_color=&#8220;#000000&#8243; header_3_font=&#8220;Lato|700|||||||&#8220; header_3_text_color=&#8220;#ffffff&#8220; header_3_font_size=&#8220;20px&#8220; header_3_line_height=&#8220;1.5em&#8220; text_font_size_tablet=&#8220;&#8220; text_font_size_phone=&#8220;14px&#8220; text_font_size_last_edited=&#8220;on|phone&#8220; link_text_color__hover_enabled=&#8220;on|hover&#8220; link_text_color__hover=&#8220;#0c71c3&#8243;]<\/p>\n<h3>Leistungen<\/h3>\n<p>[\/et_pb_text][et_pb_button button_url=&#8220;@ET-DC@eyJkeW5hbWljIjp0cnVlLCJjb250ZW50IjoicG9zdF9saW5rX3VybF9wYWdlIiwic2V0dGluZ3MiOnsicG9zdF9pZCI6IjU4NSJ9fQ==@&#8220; button_text=&#8220;Coaching&#8220; button_alignment=&#8220;left&#8220; _builder_version=&#8220;4.5.7&#8243; _dynamic_attributes=&#8220;button_url&#8220; _module_preset=&#8220;default&#8220; custom_button=&#8220;on&#8220; button_text_size=&#8220;18px&#8220; button_text_color=&#8220;#ffffff&#8220; button_border_width=&#8220;0px&#8220; button_border_color=&#8220;rgba(0,0,0,0)&#8220; button_font=&#8220;Lato||||||||&#8220; background_layout=&#8220;dark&#8220; custom_margin=&#8220;-30px|||-16px|false|false&#8220; custom_padding=&#8220;0px||||false|false&#8220;][\/et_pb_button][et_pb_button button_url=&#8220;@ET-DC@eyJkeW5hbWljIjp0cnVlLCJjb250ZW50IjoicG9zdF9saW5rX3VybF9wYWdlIiwic2V0dGluZ3MiOnsicG9zdF9pZCI6IjgyMCJ9fQ==@&#8220; button_text=&#8220;Beratung&#8220; button_alignment=&#8220;left&#8220; _builder_version=&#8220;4.5.7&#8243; _dynamic_attributes=&#8220;button_url&#8220; _module_preset=&#8220;default&#8220; custom_button=&#8220;on&#8220; button_text_size=&#8220;18px&#8220; button_text_color=&#8220;#ffffff&#8220; button_border_width=&#8220;0px&#8220; button_border_color=&#8220;rgba(0,0,0,0)&#8220; button_font=&#8220;Lato||||||||&#8220; background_layout=&#8220;dark&#8220; custom_margin=&#8220;-30px|||-16px|false|false&#8220; custom_padding=&#8220;0px||||false|false&#8220;][\/et_pb_button][et_pb_button button_url=&#8220;@ET-DC@eyJkeW5hbWljIjp0cnVlLCJjb250ZW50IjoicG9zdF9saW5rX3VybF9wYWdlIiwic2V0dGluZ3MiOnsicG9zdF9pZCI6IjE1NCJ9fQ==@&#8220; button_text=&#8220;Vortr\u00e4ge&#8220; button_alignment=&#8220;left&#8220; _builder_version=&#8220;4.5.7&#8243; _dynamic_attributes=&#8220;button_url&#8220; _module_preset=&#8220;default&#8220; custom_button=&#8220;on&#8220; button_text_size=&#8220;18px&#8220; button_text_color=&#8220;#ffffff&#8220; button_border_width=&#8220;0px&#8220; button_border_color=&#8220;rgba(0,0,0,0)&#8220; button_font=&#8220;Lato||||||||&#8220; background_layout=&#8220;dark&#8220; custom_margin=&#8220;-30px|||-16px|false|false&#8220; custom_padding=&#8220;0px||||false|false&#8220;][\/et_pb_button][et_pb_button button_url=&#8220;@ET-DC@eyJkeW5hbWljIjp0cnVlLCJjb250ZW50IjoicG9zdF9saW5rX3VybF9wYWdlIiwic2V0dGluZ3MiOnsicG9zdF9pZCI6IjU5NSJ9fQ==@&#8220; button_text=&#8220;Projekte&#8220; button_alignment=&#8220;left&#8220; _builder_version=&#8220;4.5.7&#8243; _dynamic_attributes=&#8220;button_url&#8220; _module_preset=&#8220;default&#8220; custom_button=&#8220;on&#8220; button_text_size=&#8220;18px&#8220; button_text_color=&#8220;#ffffff&#8220; button_border_width=&#8220;0px&#8220; button_border_color=&#8220;rgba(0,0,0,0)&#8220; button_font=&#8220;Lato||||||||&#8220; background_layout=&#8220;dark&#8220; custom_margin=&#8220;-30px|||-16px|false|false&#8220; custom_padding=&#8220;0px||||false|false&#8220;][\/et_pb_button][\/et_pb_column][et_pb_column type=&#8220;1_4&#8243; _builder_version=&#8220;4.4.5&#8243;][et_pb_text _builder_version=&#8220;4.5.7&#8243; text_font=&#8220;Lato||||||||&#8220; text_text_color=&#8220;#ffffff&#8220; text_font_size=&#8220;18px&#8220; text_line_height=&#8220;1.3em&#8220; link_font=&#8220;Nunito||||||||&#8220; link_text_color=&#8220;#ffffff&#8220; header_font=&#8220;Heebo||||||||&#8220; header_text_color=&#8220;#ffffff&#8220; header_2_text_color=&#8220;#000000&#8243; header_3_font=&#8220;Lato|700|||||||&#8220; header_3_text_color=&#8220;#ffffff&#8220; header_3_font_size=&#8220;20px&#8220; header_3_line_height=&#8220;1.5em&#8220; text_font_size_tablet=&#8220;&#8220; text_font_size_phone=&#8220;14px&#8220; text_font_size_last_edited=&#8220;on|phone&#8220; locked=&#8220;off&#8220; link_text_color__hover=&#8220;#0c71c3&#8243; link_text_color__hover_enabled=&#8220;on|hover&#8220;]<\/p>\n<h3>Weitere Infos<\/h3>\n<p>[\/et_pb_text][et_pb_button button_url=&#8220;@ET-DC@eyJkeW5hbWljIjp0cnVlLCJjb250ZW50IjoicG9zdF9saW5rX3VybF9wYWdlIiwic2V0dGluZ3MiOnsicG9zdF9pZCI6IjE4NCJ9fQ==@&#8220; button_text=&#8220;Profil&#8220; button_alignment=&#8220;left&#8220; _builder_version=&#8220;4.5.7&#8243; _dynamic_attributes=&#8220;button_url&#8220; _module_preset=&#8220;default&#8220; custom_button=&#8220;on&#8220; button_text_size=&#8220;18px&#8220; button_text_color=&#8220;#ffffff&#8220; button_border_width=&#8220;0px&#8220; button_border_color=&#8220;rgba(0,0,0,0)&#8220; button_font=&#8220;Lato||||||||&#8220; background_layout=&#8220;dark&#8220; custom_margin=&#8220;-30px|||-16px|false|false&#8220; custom_padding=&#8220;0px||||false|false&#8220;][\/et_pb_button][et_pb_button button_url=&#8220;@ET-DC@eyJkeW5hbWljIjp0cnVlLCJjb250ZW50IjoicG9zdF9saW5rX3VybF9wb3N0Iiwic2V0dGluZ3MiOnsicG9zdF9pZCI6IjEifX0=@&#8220; button_text=&#8220;Artikel&#8220; button_alignment=&#8220;left&#8220; _builder_version=&#8220;4.5.7&#8243; _dynamic_attributes=&#8220;button_url&#8220; _module_preset=&#8220;default&#8220; custom_button=&#8220;on&#8220; button_text_size=&#8220;18px&#8220; button_text_color=&#8220;#ffffff&#8220; button_border_width=&#8220;0px&#8220; button_border_color=&#8220;rgba(0,0,0,0)&#8220; button_font=&#8220;Lato||||||||&#8220; background_layout=&#8220;dark&#8220; custom_margin=&#8220;-30px|||-16px|false|false&#8220; custom_padding=&#8220;0px||||false|false&#8220;][\/et_pb_button][et_pb_button button_url=&#8220;@ET-DC@eyJkeW5hbWljIjp0cnVlLCJjb250ZW50IjoicG9zdF9saW5rX3VybF9wYWdlIiwic2V0dGluZ3MiOnsicG9zdF9pZCI6Ijk5MSJ9fQ==@&#8220; button_text=&#8220;Partner&#8220; button_alignment=&#8220;left&#8220; _builder_version=&#8220;4.5.7&#8243; _dynamic_attributes=&#8220;button_url&#8220; _module_preset=&#8220;default&#8220; custom_button=&#8220;on&#8220; button_text_size=&#8220;18px&#8220; button_text_color=&#8220;#ffffff&#8220; button_border_width=&#8220;0px&#8220; button_border_color=&#8220;rgba(0,0,0,0)&#8220; button_font=&#8220;Lato||||||||&#8220; background_layout=&#8220;dark&#8220; custom_margin=&#8220;-30px|||-16px|false|false&#8220; custom_padding=&#8220;0px||||false|false&#8220;][\/et_pb_button][et_pb_button button_url=&#8220;@ET-DC@eyJkeW5hbWljIjp0cnVlLCJjb250ZW50IjoicG9zdF9saW5rX3VybF9wYWdlIiwic2V0dGluZ3MiOnsicG9zdF9pZCI6IjU5OCJ9fQ==@&#8220; button_text=&#8220;Podcast&#8220; button_alignment=&#8220;left&#8220; _builder_version=&#8220;4.5.7&#8243; _dynamic_attributes=&#8220;button_url&#8220; _module_preset=&#8220;default&#8220; custom_button=&#8220;on&#8220; button_text_size=&#8220;18px&#8220; button_text_color=&#8220;#ffffff&#8220; button_border_width=&#8220;0px&#8220; button_border_color=&#8220;rgba(0,0,0,0)&#8220; button_font=&#8220;Lato||||||||&#8220; background_layout=&#8220;dark&#8220; custom_margin=&#8220;-30px|||-16px|false|false&#8220; custom_padding=&#8220;0px||||false|false&#8220;][\/et_pb_button][\/et_pb_column][et_pb_column type=&#8220;1_2&#8243; _builder_version=&#8220;4.4.5&#8243;][et_pb_social_media_follow _builder_version=&#8220;4.5.0&#8243;][et_pb_social_media_follow_network social_network=&#8220;linkedin&#8220; url=&#8220;https:\/\/www.linkedin.com\/in\/svenkrueger\/&#8220; _builder_version=&#8220;4.4.9&#8243; background_color=&#8220;#007bb6&#8243; follow_button=&#8220;off&#8220; url_new_window=&#8220;on&#8220;]linkedin[\/et_pb_social_media_follow_network][et_pb_social_media_follow_network social_network=&#8220;twitter&#8220; url=&#8220;https:\/\/twitter.com\/svnkrgr&#8220; _builder_version=&#8220;4.5.0&#8243; background_color=&#8220;#00aced&#8220; follow_button=&#8220;off&#8220; url_new_window=&#8220;on&#8220;]twitter[\/et_pb_social_media_follow_network][et_pb_social_media_follow_network social_network=&#8220;instagram&#8220; url=&#8220;https:\/\/www.instagram.com\/svnkrgr\/&#8220; _builder_version=&#8220;4.4.9&#8243; background_color=&#8220;#ea2c59&#8243; follow_button=&#8220;off&#8220; url_new_window=&#8220;on&#8220;]instagram[\/et_pb_social_media_follow_network][et_pb_social_media_follow_network social_network=&#8220;youtube&#8220; url=&#8220;https:\/\/www.youtube.com\/feed\/my_videos&#8220; _builder_version=&#8220;4.4.9&#8243; background_color=&#8220;#a82400&#8243; follow_button=&#8220;off&#8220; url_new_window=&#8220;on&#8220;]youtube[\/et_pb_social_media_follow_network][\/et_pb_social_media_follow][\/et_pb_column][\/et_pb_row][\/et_pb_section]<\/p>\n","protected":false},"excerpt":{"rendered":"<p>Podcast Hier &#8211; und auf den g\u00e4ngigen Podcast-Plattformen &#8211; finden Sie demn\u00e4chst den MAKEbelieve-Podcast von Sven Kr\u00fcger. &nbsp; Foto: Julia Saslawskij\u00a0 LeistungenWeitere Infos<\/p>\n","protected":false},"author":1,"featured_media":0,"parent":0,"menu_order":0,"comment_status":"closed","ping_status":"closed","template":"","meta":{"_et_pb_use_builder":"on","_et_pb_old_content":"","_et_gb_content_width":"","footnotes":""},"class_list":["post-598","page","type-page","status-publish","hentry"],"yoast_head":"<!-- This site is optimized with the Yoast SEO plugin v27.5 - https:\/\/yoast.com\/product\/yoast-seo-wordpress\/ -->\n<title>Podcast - Sven Kr\u00fcger - MAKEbelieve<\/title>\n<meta name=\"robots\" content=\"index, follow, max-snippet:-1, max-image-preview:large, max-video-preview:-1\" \/>\n<link rel=\"canonical\" href=\"https:\/\/sven-krueger.com\/?page_id=598\" \/>\n<meta property=\"og:locale\" content=\"de_DE\" \/>\n<meta property=\"og:type\" content=\"article\" \/>\n<meta property=\"og:title\" content=\"Podcast - Sven Kr\u00fcger - MAKEbelieve\" \/>\n<meta property=\"og:description\" content=\"Podcast Hier - und auf den g\u00e4ngigen Podcast-Plattformen - finden Sie demn\u00e4chst den MAKEbelieve-Podcast von Sven Kr\u00fcger. &nbsp; Foto: Julia Saslawskij\u00a0 LeistungenWeitere Infos\" \/>\n<meta property=\"og:url\" content=\"https:\/\/sven-krueger.com\/?page_id=598\" \/>\n<meta property=\"og:site_name\" content=\"Sven Kr\u00fcger - MAKEbelieve\" \/>\n<meta property=\"article:modified_time\" content=\"2020-09-01T21:55:01+00:00\" \/>\n<meta name=\"twitter:card\" content=\"summary_large_image\" \/>\n<meta name=\"twitter:site\" content=\"@svnkrgr\" \/>\n<meta name=\"twitter:label1\" content=\"Gesch\u00e4tzte Lesezeit\" \/>\n\t<meta name=\"twitter:data1\" content=\"6\u00a0Minuten\" \/>\n<script type=\"application\/ld+json\" class=\"yoast-schema-graph\">{\"@context\":\"https:\\\/\\\/schema.org\",\"@graph\":[{\"@type\":\"WebPage\",\"@id\":\"https:\\\/\\\/sven-krueger.com\\\/?page_id=598\",\"url\":\"https:\\\/\\\/sven-krueger.com\\\/?page_id=598\",\"name\":\"Podcast - Sven Kr\u00fcger - MAKEbelieve\",\"isPartOf\":{\"@id\":\"https:\\\/\\\/sven-krueger.com\\\/#website\"},\"datePublished\":\"2020-07-19T21:14:00+00:00\",\"dateModified\":\"2020-09-01T21:55:01+00:00\",\"breadcrumb\":{\"@id\":\"https:\\\/\\\/sven-krueger.com\\\/?page_id=598#breadcrumb\"},\"inLanguage\":\"de\",\"potentialAction\":[{\"@type\":\"ReadAction\",\"target\":[\"https:\\\/\\\/sven-krueger.com\\\/?page_id=598\"]}]},{\"@type\":\"BreadcrumbList\",\"@id\":\"https:\\\/\\\/sven-krueger.com\\\/?page_id=598#breadcrumb\",\"itemListElement\":[{\"@type\":\"ListItem\",\"position\":1,\"name\":\"Startseite\",\"item\":\"https:\\\/\\\/sven-krueger.com\\\/\"},{\"@type\":\"ListItem\",\"position\":2,\"name\":\"Podcast\"}]},{\"@type\":\"WebSite\",\"@id\":\"https:\\\/\\\/sven-krueger.com\\\/#website\",\"url\":\"https:\\\/\\\/sven-krueger.com\\\/\",\"name\":\"Sven Kr\u00fcger - MAKEbelieve\",\"description\":\"Executive Coaching | Marketing &amp; Digital Business Consulting | Mediation | Keynotespeaker\",\"publisher\":{\"@id\":\"https:\\\/\\\/sven-krueger.com\\\/#\\\/schema\\\/person\\\/90950e321735d2261e195a227d8ed320\"},\"potentialAction\":[{\"@type\":\"SearchAction\",\"target\":{\"@type\":\"EntryPoint\",\"urlTemplate\":\"https:\\\/\\\/sven-krueger.com\\\/?s={search_term_string}\"},\"query-input\":{\"@type\":\"PropertyValueSpecification\",\"valueRequired\":true,\"valueName\":\"search_term_string\"}}],\"inLanguage\":\"de\"},{\"@type\":[\"Person\",\"Organization\"],\"@id\":\"https:\\\/\\\/sven-krueger.com\\\/#\\\/schema\\\/person\\\/90950e321735d2261e195a227d8ed320\",\"name\":\"Sven Kr\u00fcger\",\"image\":{\"@type\":\"ImageObject\",\"inLanguage\":\"de\",\"@id\":\"https:\\\/\\\/sven-krueger.com\\\/wp-content\\\/uploads\\\/2020\\\/08\\\/Sven-Kru\u0308ger.jpg\",\"url\":\"https:\\\/\\\/sven-krueger.com\\\/wp-content\\\/uploads\\\/2020\\\/08\\\/Sven-Kru\u0308ger.jpg\",\"contentUrl\":\"https:\\\/\\\/sven-krueger.com\\\/wp-content\\\/uploads\\\/2020\\\/08\\\/Sven-Kru\u0308ger.jpg\",\"width\":688,\"height\":687,\"caption\":\"Sven Kr\u00fcger\"},\"logo\":{\"@id\":\"https:\\\/\\\/sven-krueger.com\\\/wp-content\\\/uploads\\\/2020\\\/08\\\/Sven-Kru\u0308ger.jpg\"},\"sameAs\":[\"http:\\\/\\\/sven-krueger.com\",\"https:\\\/\\\/www.instagram.com\\\/svnkrgr\\\/\",\"https:\\\/\\\/www.linkedin.com\\\/in\\\/svenkrueger\\\/\",\"https:\\\/\\\/x.com\\\/svnkrgr\"]}]}<\/script>\n<!-- \/ Yoast SEO plugin. -->","yoast_head_json":{"title":"Podcast - Sven Kr\u00fcger - MAKEbelieve","robots":{"index":"index","follow":"follow","max-snippet":"max-snippet:-1","max-image-preview":"max-image-preview:large","max-video-preview":"max-video-preview:-1"},"canonical":"https:\/\/sven-krueger.com\/?page_id=598","og_locale":"de_DE","og_type":"article","og_title":"Podcast - Sven Kr\u00fcger - MAKEbelieve","og_description":"Podcast Hier - und auf den g\u00e4ngigen Podcast-Plattformen - finden Sie demn\u00e4chst den MAKEbelieve-Podcast von Sven Kr\u00fcger. &nbsp; Foto: Julia Saslawskij\u00a0 LeistungenWeitere Infos","og_url":"https:\/\/sven-krueger.com\/?page_id=598","og_site_name":"Sven Kr\u00fcger - MAKEbelieve","article_modified_time":"2020-09-01T21:55:01+00:00","twitter_card":"summary_large_image","twitter_site":"@svnkrgr","twitter_misc":{"Gesch\u00e4tzte Lesezeit":"6\u00a0Minuten"},"schema":{"@context":"https:\/\/schema.org","@graph":[{"@type":"WebPage","@id":"https:\/\/sven-krueger.com\/?page_id=598","url":"https:\/\/sven-krueger.com\/?page_id=598","name":"Podcast - Sven Kr\u00fcger - MAKEbelieve","isPartOf":{"@id":"https:\/\/sven-krueger.com\/#website"},"datePublished":"2020-07-19T21:14:00+00:00","dateModified":"2020-09-01T21:55:01+00:00","breadcrumb":{"@id":"https:\/\/sven-krueger.com\/?page_id=598#breadcrumb"},"inLanguage":"de","potentialAction":[{"@type":"ReadAction","target":["https:\/\/sven-krueger.com\/?page_id=598"]}]},{"@type":"BreadcrumbList","@id":"https:\/\/sven-krueger.com\/?page_id=598#breadcrumb","itemListElement":[{"@type":"ListItem","position":1,"name":"Startseite","item":"https:\/\/sven-krueger.com\/"},{"@type":"ListItem","position":2,"name":"Podcast"}]},{"@type":"WebSite","@id":"https:\/\/sven-krueger.com\/#website","url":"https:\/\/sven-krueger.com\/","name":"Sven Kr\u00fcger - MAKEbelieve","description":"Executive Coaching | Marketing &amp; Digital Business Consulting | Mediation | Keynotespeaker","publisher":{"@id":"https:\/\/sven-krueger.com\/#\/schema\/person\/90950e321735d2261e195a227d8ed320"},"potentialAction":[{"@type":"SearchAction","target":{"@type":"EntryPoint","urlTemplate":"https:\/\/sven-krueger.com\/?s={search_term_string}"},"query-input":{"@type":"PropertyValueSpecification","valueRequired":true,"valueName":"search_term_string"}}],"inLanguage":"de"},{"@type":["Person","Organization"],"@id":"https:\/\/sven-krueger.com\/#\/schema\/person\/90950e321735d2261e195a227d8ed320","name":"Sven Kr\u00fcger","image":{"@type":"ImageObject","inLanguage":"de","@id":"https:\/\/sven-krueger.com\/wp-content\/uploads\/2020\/08\/Sven-Kru\u0308ger.jpg","url":"https:\/\/sven-krueger.com\/wp-content\/uploads\/2020\/08\/Sven-Kru\u0308ger.jpg","contentUrl":"https:\/\/sven-krueger.com\/wp-content\/uploads\/2020\/08\/Sven-Kru\u0308ger.jpg","width":688,"height":687,"caption":"Sven Kr\u00fcger"},"logo":{"@id":"https:\/\/sven-krueger.com\/wp-content\/uploads\/2020\/08\/Sven-Kru\u0308ger.jpg"},"sameAs":["http:\/\/sven-krueger.com","https:\/\/www.instagram.com\/svnkrgr\/","https:\/\/www.linkedin.com\/in\/svenkrueger\/","https:\/\/x.com\/svnkrgr"]}]}},"_links":{"self":[{"href":"https:\/\/sven-krueger.com\/index.php?rest_route=\/wp\/v2\/pages\/598","targetHints":{"allow":["GET"]}}],"collection":[{"href":"https:\/\/sven-krueger.com\/index.php?rest_route=\/wp\/v2\/pages"}],"about":[{"href":"https:\/\/sven-krueger.com\/index.php?rest_route=\/wp\/v2\/types\/page"}],"author":[{"embeddable":true,"href":"https:\/\/sven-krueger.com\/index.php?rest_route=\/wp\/v2\/users\/1"}],"replies":[{"embeddable":true,"href":"https:\/\/sven-krueger.com\/index.php?rest_route=%2Fwp%2Fv2%2Fcomments&post=598"}],"version-history":[{"count":1,"href":"https:\/\/sven-krueger.com\/index.php?rest_route=\/wp\/v2\/pages\/598\/revisions"}],"predecessor-version":[{"id":1111,"href":"https:\/\/sven-krueger.com\/index.php?rest_route=\/wp\/v2\/pages\/598\/revisions\/1111"}],"wp:attachment":[{"href":"https:\/\/sven-krueger.com\/index.php?rest_route=%2Fwp%2Fv2%2Fmedia&parent=598"}],"curies":[{"name":"wp","href":"https:\/\/api.w.org\/{rel}","templated":true}]}}