{"id":226,"date":"2020-06-28T22:33:00","date_gmt":"2020-06-28T20:33:00","guid":{"rendered":"https:\/\/svenkrueger.businessinfluencer.de\/?page_id=226"},"modified":"2025-04-25T08:44:53","modified_gmt":"2025-04-25T06:44:53","slug":"kontakt","status":"publish","type":"page","link":"https:\/\/sven-krueger.com\/?page_id=226","title":{"rendered":"Kontakt"},"content":{"rendered":"<p>[et_pb_section fb_built=&#8220;1&#8243; _builder_version=&#8220;4.27.4&#8243; link_option_url=&#8220;sven.krueger.com\/kontakt&#8220; saved_tabs=&#8220;all&#8220; global_colors_info=&#8220;{}&#8220;][et_pb_row _builder_version=&#8220;4.16&#8243; global_colors_info=&#8220;{}&#8220;][et_pb_column type=&#8220;4_4&#8243; _builder_version=&#8220;4.16&#8243; global_colors_info=&#8220;{}&#8220;][et_pb_text _builder_version=&#8220;4.16&#8243; text_font=&#8220;Nunito||||||||&#8220; text_text_color=&#8220;#000000&#8243; text_font_size=&#8220;18px&#8220; header_2_font=&#8220;Heebo|700|||||||&#8220; header_2_text_color=&#8220;#000000&#8243; header_2_font_size=&#8220;30px&#8220; global_colors_info=&#8220;{}&#8220;]<\/p>\n<h2>Kontakt<\/h2>\n<p><span style=\"color: #000000;\">Sie haben Fragen zu Coaching oder Beratung oder brauchen Mediation, um einen Konflikt zu l\u00f6sen?<br \/><\/span><span style=\"color: #000000;\">Sie m\u00f6chten mich f\u00fcr einen Vortrag buchen oder meine Sed Card anfragen? Oder haben Sie eine tolle Projektidee?<br \/><\/span><\/p>\n<p><span style=\"color: #000000;\">Schreiben Sie mir eine kurze Nachricht \u2013 gerne auch mit Ihrer Telefonnummer f\u00fcr ein pers\u00f6nliches Gespr\u00e4ch.<\/span><\/p>\n<p><span>Ich freue mich auf Ihre Nachricht.<br \/><\/span><span>Herzliche Gr\u00fc\u00dfe<\/span><\/p>\n<p>Sven Kr\u00fcger<\/p>\n<p>[\/et_pb_text][\/et_pb_column][\/et_pb_row][et_pb_row column_structure=&#8220;1_2,1_2&#8243; _builder_version=&#8220;4.16&#8243; global_colors_info=&#8220;{}&#8220;][et_pb_column type=&#8220;1_2&#8243; _builder_version=&#8220;4.16&#8243; global_colors_info=&#8220;{}&#8220;][et_pb_image src=&#8220;https:\/\/sven-krueger.com\/wp-content\/uploads\/2020\/10\/Sven-Kru\u0308ger-Berater-und-Coach-fu\u0308r-Digitalisierung-Marketing-und-Fu\u0308hrung.png&#8220; alt=&#8220;Sven Kr\u00fcger, Beratung, Coaching&#8220; title_text=&#8220;Sven Kru\u0308ger, Berater und Coach fu\u0308r Digitalisierung, Marketing und Fu\u0308hrung&#8220; _builder_version=&#8220;4.26.0&#8243; _module_preset=&#8220;default&#8220; min_height=&#8220;439.3px&#8220; global_colors_info=&#8220;{}&#8220;][\/et_pb_image][\/et_pb_column][et_pb_column type=&#8220;1_2&#8243; _builder_version=&#8220;4.16&#8243; global_colors_info=&#8220;{}&#8220;][et_pb_contact_form email=&#8220;sk@makebelieve.berlin&#8220; title=&#8220;Sie sind am Zug:&#8220; success_message=&#8220;Danke f\u00fcr die Nachricht. Wir melden uns schnell zur\u00fcck.&#8220; submit_button_text=&#8220;UND LOS!&#8220; _builder_version=&#8220;4.16&#8243; _unique_id=&#8220;defeb5af-ab04-4008-a59c-71fad1610755&#8243; title_font=&#8220;Heebo||||||||&#8220; title_font_size=&#8220;18px&#8220; captcha_font=&#8220;Nunito||||||||&#8220; captcha_font_size=&#8220;16px&#8220; custom_button=&#8220;on&#8220; button_text_size=&#8220;14px&#8220; button_text_color=&#8220;#ffffff&#8220; button_bg_color=&#8220;#e02b20&#8243; button_border_color=&#8220;rgba(0,0,0,0)&#8220; button_border_radius=&#8220;25px&#8220; button_letter_spacing=&#8220;1px&#8220; button_font=&#8220;Heebo|700|||||||&#8220; button_icon=&#8220;&#x45;||divi||400&#8243; box_shadow_style_button=&#8220;preset2&#8243; global_colors_info=&#8220;{}&#8220;][et_pb_contact_field field_id=&#8220;Name&#8220; field_title=&#8220;Name&#8220; min_length=&#8220;2&#8243; _builder_version=&#8220;4.16&#8243; global_colors_info=&#8220;{}&#8220; button_text_size__hover_enabled=&#8220;off&#8220; button_one_text_size__hover_enabled=&#8220;off&#8220; button_two_text_size__hover_enabled=&#8220;off&#8220; button_text_color__hover_enabled=&#8220;off&#8220; button_one_text_color__hover_enabled=&#8220;off&#8220; button_two_text_color__hover_enabled=&#8220;off&#8220; button_border_width__hover_enabled=&#8220;off&#8220; button_one_border_width__hover_enabled=&#8220;off&#8220; button_two_border_width__hover_enabled=&#8220;off&#8220; button_border_color__hover_enabled=&#8220;off&#8220; button_one_border_color__hover_enabled=&#8220;off&#8220; button_two_border_color__hover_enabled=&#8220;off&#8220; button_border_radius__hover_enabled=&#8220;off&#8220; button_one_border_radius__hover_enabled=&#8220;off&#8220; button_two_border_radius__hover_enabled=&#8220;off&#8220; button_letter_spacing__hover_enabled=&#8220;off&#8220; button_one_letter_spacing__hover_enabled=&#8220;off&#8220; button_two_letter_spacing__hover_enabled=&#8220;off&#8220; button_bg_color__hover_enabled=&#8220;off&#8220; button_one_bg_color__hover_enabled=&#8220;off&#8220; button_two_bg_color__hover_enabled=&#8220;off&#8220;][\/et_pb_contact_field][et_pb_contact_field field_id=&#8220;E-Mail&#8220; field_title=&#8220;E-Mail-Adresse (erforderlich)&#8220; field_type=&#8220;email&#8220; _builder_version=&#8220;4.16&#8243; global_colors_info=&#8220;{}&#8220; button_text_size__hover_enabled=&#8220;off&#8220; button_one_text_size__hover_enabled=&#8220;off&#8220; button_two_text_size__hover_enabled=&#8220;off&#8220; button_text_color__hover_enabled=&#8220;off&#8220; button_one_text_color__hover_enabled=&#8220;off&#8220; button_two_text_color__hover_enabled=&#8220;off&#8220; button_border_width__hover_enabled=&#8220;off&#8220; button_one_border_width__hover_enabled=&#8220;off&#8220; button_two_border_width__hover_enabled=&#8220;off&#8220; button_border_color__hover_enabled=&#8220;off&#8220; button_one_border_color__hover_enabled=&#8220;off&#8220; button_two_border_color__hover_enabled=&#8220;off&#8220; button_border_radius__hover_enabled=&#8220;off&#8220; button_one_border_radius__hover_enabled=&#8220;off&#8220; button_two_border_radius__hover_enabled=&#8220;off&#8220; button_letter_spacing__hover_enabled=&#8220;off&#8220; button_one_letter_spacing__hover_enabled=&#8220;off&#8220; button_two_letter_spacing__hover_enabled=&#8220;off&#8220; button_bg_color__hover_enabled=&#8220;off&#8220; button_one_bg_color__hover_enabled=&#8220;off&#8220; button_two_bg_color__hover_enabled=&#8220;off&#8220;][\/et_pb_contact_field][et_pb_contact_field field_id=&#8220;Message&#8220; field_title=&#8220;Nachricht&#8220; field_type=&#8220;text&#8220; fullwidth_field=&#8220;on&#8220; _builder_version=&#8220;4.16&#8243; global_colors_info=&#8220;{}&#8220; button_text_size__hover_enabled=&#8220;off&#8220; button_one_text_size__hover_enabled=&#8220;off&#8220; button_two_text_size__hover_enabled=&#8220;off&#8220; button_text_color__hover_enabled=&#8220;off&#8220; button_one_text_color__hover_enabled=&#8220;off&#8220; button_two_text_color__hover_enabled=&#8220;off&#8220; button_border_width__hover_enabled=&#8220;off&#8220; button_one_border_width__hover_enabled=&#8220;off&#8220; button_two_border_width__hover_enabled=&#8220;off&#8220; button_border_color__hover_enabled=&#8220;off&#8220; button_one_border_color__hover_enabled=&#8220;off&#8220; button_two_border_color__hover_enabled=&#8220;off&#8220; button_border_radius__hover_enabled=&#8220;off&#8220; button_one_border_radius__hover_enabled=&#8220;off&#8220; button_two_border_radius__hover_enabled=&#8220;off&#8220; button_letter_spacing__hover_enabled=&#8220;off&#8220; button_one_letter_spacing__hover_enabled=&#8220;off&#8220; button_two_letter_spacing__hover_enabled=&#8220;off&#8220; button_bg_color__hover_enabled=&#8220;off&#8220; button_one_bg_color__hover_enabled=&#8220;off&#8220; button_two_bg_color__hover_enabled=&#8220;off&#8220;][\/et_pb_contact_field][et_pb_contact_field field_id=&#8220;Telefonnummer&#8220; field_title=&#8220;Telefonnummer&#8220; min_length=&#8220;8&#8243; allowed_symbols=&#8220;numbers&#8220; required_mark=&#8220;off&#8220; fullwidth_field=&#8220;on&#8220; _builder_version=&#8220;4.16&#8243; global_colors_info=&#8220;{}&#8220;][\/et_pb_contact_field][\/et_pb_contact_form][\/et_pb_column][\/et_pb_row][\/et_pb_section][et_pb_section fb_built=&#8220;1&#8243; admin_label=&#8220;Footer&#8220; _builder_version=&#8220;4.5.0&#8243; background_color=&#8220;#000000&#8243; custom_padding=&#8220;1px||2px|||&#8220; global_module=&#8220;998&#8243; locked=&#8220;off&#8220; global_colors_info=&#8220;{}&#8220;][et_pb_row column_structure=&#8220;1_4,1_4,1_4,1_4&#8243; _builder_version=&#8220;4.16&#8243; custom_css_main_element=&#8220;overflow: visible !important;&#8220; global_colors_info=&#8220;{}&#8220;][et_pb_column type=&#8220;1_4&#8243; _builder_version=&#8220;4.16&#8243; global_colors_info=&#8220;{}&#8220;][et_pb_text _builder_version=&#8220;4.16&#8243; text_font=&#8220;Lato||||||||&#8220; text_text_color=&#8220;#ffffff&#8220; text_font_size=&#8220;18px&#8220; text_line_height=&#8220;1.3em&#8220; link_font=&#8220;Nunito||||||||&#8220; link_text_color=&#8220;#ffffff&#8220; header_font=&#8220;Heebo||||||||&#8220; header_text_color=&#8220;#ffffff&#8220; header_2_text_color=&#8220;#000000&#8243; header_3_font=&#8220;Lato|700|||||||&#8220; header_3_text_color=&#8220;#ffffff&#8220; header_3_font_size=&#8220;20px&#8220; header_3_line_height=&#8220;1.5em&#8220; text_font_size_tablet=&#8220;&#8220; text_font_size_phone=&#8220;14px&#8220; text_font_size_last_edited=&#8220;on|phone&#8220; global_colors_info=&#8220;{}&#8220; link_text_color__hover_enabled=&#8220;on|hover&#8220; link_text_color__hover=&#8220;#0c71c3&#8243;]<\/p>\n<h3>Leistungen<\/h3>\n<p>[\/et_pb_text][et_pb_button button_url=&#8220;@ET-DC@eyJkeW5hbWljIjp0cnVlLCJjb250ZW50IjoicG9zdF9saW5rX3VybF9wYWdlIiwic2V0dGluZ3MiOnsicG9zdF9pZCI6IjU4NSJ9fQ==@&#8220; button_text=&#8220;Coaching&#8220; button_alignment=&#8220;left&#8220; _builder_version=&#8220;4.16&#8243; _dynamic_attributes=&#8220;button_url&#8220; _module_preset=&#8220;default&#8220; custom_button=&#8220;on&#8220; button_text_size=&#8220;18px&#8220; button_text_color=&#8220;#ffffff&#8220; button_border_width=&#8220;0px&#8220; button_border_color=&#8220;rgba(0,0,0,0)&#8220; button_font=&#8220;Lato||||||||&#8220; background_layout=&#8220;dark&#8220; custom_margin=&#8220;-30px|||-16px|false|false&#8220; custom_padding=&#8220;0px||||false|false&#8220; global_colors_info=&#8220;{}&#8220;][\/et_pb_button][et_pb_button button_url=&#8220;@ET-DC@eyJkeW5hbWljIjp0cnVlLCJjb250ZW50IjoicG9zdF9saW5rX3VybF9wYWdlIiwic2V0dGluZ3MiOnsicG9zdF9pZCI6IjgyMCJ9fQ==@&#8220; button_text=&#8220;Beratung&#8220; button_alignment=&#8220;left&#8220; _builder_version=&#8220;4.16&#8243; _dynamic_attributes=&#8220;button_url&#8220; _module_preset=&#8220;default&#8220; custom_button=&#8220;on&#8220; button_text_size=&#8220;18px&#8220; button_text_color=&#8220;#ffffff&#8220; button_border_width=&#8220;0px&#8220; button_border_color=&#8220;rgba(0,0,0,0)&#8220; button_font=&#8220;Lato||||||||&#8220; background_layout=&#8220;dark&#8220; custom_margin=&#8220;-30px|||-16px|false|false&#8220; custom_padding=&#8220;0px||||false|false&#8220; global_colors_info=&#8220;{}&#8220;][\/et_pb_button][et_pb_button button_url=&#8220;@ET-DC@eyJkeW5hbWljIjp0cnVlLCJjb250ZW50IjoicG9zdF9saW5rX3VybF9wYWdlIiwic2V0dGluZ3MiOnsicG9zdF9pZCI6IjE1NCJ9fQ==@&#8220; button_text=&#8220;Vortr\u00e4ge&#8220; button_alignment=&#8220;left&#8220; _builder_version=&#8220;4.16&#8243; _dynamic_attributes=&#8220;button_url&#8220; _module_preset=&#8220;default&#8220; custom_button=&#8220;on&#8220; button_text_size=&#8220;18px&#8220; button_text_color=&#8220;#ffffff&#8220; button_border_width=&#8220;0px&#8220; button_border_color=&#8220;rgba(0,0,0,0)&#8220; button_font=&#8220;Lato||||||||&#8220; background_layout=&#8220;dark&#8220; custom_margin=&#8220;-30px|||-16px|false|false&#8220; custom_padding=&#8220;0px||||false|false&#8220; global_colors_info=&#8220;{}&#8220;][\/et_pb_button][et_pb_button button_url=&#8220;@ET-DC@eyJkeW5hbWljIjp0cnVlLCJjb250ZW50IjoicG9zdF9saW5rX3VybF9wYWdlIiwic2V0dGluZ3MiOnsicG9zdF9pZCI6IjU5NSJ9fQ==@&#8220; button_text=&#8220;Projekte&#8220; button_alignment=&#8220;left&#8220; _builder_version=&#8220;4.16&#8243; _dynamic_attributes=&#8220;button_url&#8220; _module_preset=&#8220;default&#8220; custom_button=&#8220;on&#8220; button_text_size=&#8220;18px&#8220; button_text_color=&#8220;#ffffff&#8220; button_border_width=&#8220;0px&#8220; button_border_color=&#8220;rgba(0,0,0,0)&#8220; button_font=&#8220;Lato||||||||&#8220; background_layout=&#8220;dark&#8220; custom_margin=&#8220;-30px|||-16px|false|false&#8220; custom_padding=&#8220;0px||||false|false&#8220; global_colors_info=&#8220;{}&#8220;][\/et_pb_button][\/et_pb_column][et_pb_column type=&#8220;1_4&#8243; _builder_version=&#8220;4.26.0&#8243; _module_preset=&#8220;default&#8220; global_colors_info=&#8220;{}&#8220;][\/et_pb_column][et_pb_column type=&#8220;1_4&#8243; _builder_version=&#8220;4.16&#8243; global_colors_info=&#8220;{}&#8220;][et_pb_text _builder_version=&#8220;4.16&#8243; text_font=&#8220;Lato||||||||&#8220; text_text_color=&#8220;#ffffff&#8220; text_font_size=&#8220;18px&#8220; text_line_height=&#8220;1.3em&#8220; link_font=&#8220;Nunito||||||||&#8220; link_text_color=&#8220;#ffffff&#8220; header_font=&#8220;Heebo||||||||&#8220; header_text_color=&#8220;#ffffff&#8220; header_2_text_color=&#8220;#000000&#8243; header_3_font=&#8220;Lato|700|||||||&#8220; header_3_text_color=&#8220;#ffffff&#8220; header_3_font_size=&#8220;20px&#8220; header_3_line_height=&#8220;1.5em&#8220; text_font_size_tablet=&#8220;&#8220; text_font_size_phone=&#8220;14px&#8220; text_font_size_last_edited=&#8220;on|phone&#8220; locked=&#8220;off&#8220; global_colors_info=&#8220;{}&#8220; link_text_color__hover=&#8220;#0c71c3&#8243; link_text_color__hover_enabled=&#8220;on|hover&#8220;]<\/p>\n<h3>Weitere Infos<\/h3>\n<p>[\/et_pb_text][et_pb_button button_url=&#8220;@ET-DC@eyJkeW5hbWljIjp0cnVlLCJjb250ZW50IjoicG9zdF9saW5rX3VybF9wYWdlIiwic2V0dGluZ3MiOnsicG9zdF9pZCI6IjE4NCJ9fQ==@&#8220; button_text=&#8220;Profil&#8220; button_alignment=&#8220;left&#8220; _builder_version=&#8220;4.16&#8243; _dynamic_attributes=&#8220;button_url&#8220; _module_preset=&#8220;default&#8220; custom_button=&#8220;on&#8220; button_text_size=&#8220;18px&#8220; button_text_color=&#8220;#ffffff&#8220; button_border_width=&#8220;0px&#8220; button_border_color=&#8220;rgba(0,0,0,0)&#8220; button_font=&#8220;Lato||||||||&#8220; background_layout=&#8220;dark&#8220; custom_margin=&#8220;-30px|||-16px|false|false&#8220; custom_padding=&#8220;0px||||false|false&#8220; global_colors_info=&#8220;{}&#8220;][\/et_pb_button][et_pb_button button_url=&#8220;@ET-DC@eyJkeW5hbWljIjp0cnVlLCJjb250ZW50IjoicG9zdF9saW5rX3VybF9wYWdlIiwic2V0dGluZ3MiOnsicG9zdF9pZCI6Ijk5MSJ9fQ==@&#8220; button_text=&#8220;Partner&#8220; button_alignment=&#8220;left&#8220; _builder_version=&#8220;4.16&#8243; _dynamic_attributes=&#8220;button_url&#8220; _module_preset=&#8220;default&#8220; custom_button=&#8220;on&#8220; button_text_size=&#8220;18px&#8220; button_text_color=&#8220;#ffffff&#8220; button_border_width=&#8220;0px&#8220; button_border_color=&#8220;rgba(0,0,0,0)&#8220; button_font=&#8220;Lato||||||||&#8220; background_layout=&#8220;dark&#8220; custom_margin=&#8220;-30px|||-16px|false|false&#8220; custom_padding=&#8220;0px||||false|false&#8220; global_colors_info=&#8220;{}&#8220;][\/et_pb_button][et_pb_button button_url=&#8220;@ET-DC@eyJkeW5hbWljIjp0cnVlLCJjb250ZW50IjoicG9zdF9saW5rX3VybF9wYWdlIiwic2V0dGluZ3MiOnsicG9zdF9pZCI6IjU5OCJ9fQ==@&#8220; button_text=&#8220;Podcast&#8220; button_alignment=&#8220;left&#8220; _builder_version=&#8220;4.16&#8243; _dynamic_attributes=&#8220;button_url&#8220; _module_preset=&#8220;default&#8220; custom_button=&#8220;on&#8220; button_text_size=&#8220;18px&#8220; button_text_color=&#8220;#ffffff&#8220; button_border_width=&#8220;0px&#8220; button_border_color=&#8220;rgba(0,0,0,0)&#8220; button_font=&#8220;Lato||||||||&#8220; background_layout=&#8220;dark&#8220; custom_margin=&#8220;-30px|||-16px|false|false&#8220; custom_padding=&#8220;0px||||false|false&#8220; global_colors_info=&#8220;{}&#8220;][\/et_pb_button][\/et_pb_column][et_pb_column type=&#8220;1_4&#8243; _builder_version=&#8220;4.16&#8243; global_colors_info=&#8220;{}&#8220;][et_pb_social_media_follow _builder_version=&#8220;4.19.4&#8243; global_colors_info=&#8220;{}&#8220;][et_pb_social_media_follow_network social_network=&#8220;linkedin&#8220; url=&#8220;https:\/\/www.linkedin.com\/in\/svenkrueger\/&#8220; _builder_version=&#8220;4.16&#8243; background_color=&#8220;#007bb6&#8243; global_colors_info=&#8220;{}&#8220; follow_button=&#8220;off&#8220; url_new_window=&#8220;on&#8220;]linkedin[\/et_pb_social_media_follow_network][et_pb_social_media_follow_network social_network=&#8220;twitter&#8220; url=&#8220;https:\/\/twitter.com\/svnkrgr&#8220; _builder_version=&#8220;4.22.2&#8243; background_color=&#8220;#000000&#8243; global_colors_info=&#8220;{}&#8220; follow_button=&#8220;off&#8220; url_new_window=&#8220;on&#8220;]twitter[\/et_pb_social_media_follow_network][et_pb_social_media_follow_network social_network=&#8220;instagram&#8220; url=&#8220;https:\/\/www.instagram.com\/svnkrgr\/&#8220; _builder_version=&#8220;4.16&#8243; background_color=&#8220;#ea2c59&#8243; global_colors_info=&#8220;{}&#8220; follow_button=&#8220;off&#8220; url_new_window=&#8220;on&#8220;]instagram[\/et_pb_social_media_follow_network][\/et_pb_social_media_follow][\/et_pb_column][\/et_pb_row][\/et_pb_section]<\/p>\n","protected":false},"excerpt":{"rendered":"<p>Kontakt Sie haben Fragen zu Coaching oder Beratung oder brauchen Mediation, um einen Konflikt zu l\u00f6sen?Sie m\u00f6chten mich f\u00fcr einen Vortrag buchen oder meine Sed Card anfragen? Oder haben Sie eine tolle Projektidee? Schreiben Sie mir eine kurze Nachricht \u2013 gerne auch mit Ihrer Telefonnummer f\u00fcr ein pers\u00f6nliches Gespr\u00e4ch. Ich freue mich auf Ihre Nachricht.Herzliche [&hellip;]<\/p>\n","protected":false},"author":1,"featured_media":0,"parent":0,"menu_order":0,"comment_status":"closed","ping_status":"closed","template":"","meta":{"_et_pb_use_builder":"on","_et_pb_old_content":"","_et_gb_content_width":"","footnotes":""},"class_list":["post-226","page","type-page","status-publish","hentry"],"yoast_head":"<!-- This site is optimized with the Yoast SEO plugin v27.5 - https:\/\/yoast.com\/product\/yoast-seo-wordpress\/ -->\n<title>Kontakt - Sven Kr\u00fcger - MAKEbelieve<\/title>\n<meta name=\"robots\" content=\"index, follow, max-snippet:-1, max-image-preview:large, max-video-preview:-1\" \/>\n<link rel=\"canonical\" href=\"https:\/\/sven-krueger.com\/?page_id=226\" \/>\n<meta property=\"og:locale\" content=\"de_DE\" \/>\n<meta property=\"og:type\" content=\"article\" \/>\n<meta property=\"og:title\" content=\"Kontakt - Sven Kr\u00fcger - MAKEbelieve\" \/>\n<meta property=\"og:description\" content=\"Kontakt Sie haben Fragen zu Coaching oder Beratung oder brauchen Mediation, um einen Konflikt zu l\u00f6sen?Sie m\u00f6chten mich f\u00fcr einen Vortrag buchen oder meine Sed Card anfragen? Oder haben Sie eine tolle Projektidee? Schreiben Sie mir eine kurze Nachricht \u2013 gerne auch mit Ihrer Telefonnummer f\u00fcr ein pers\u00f6nliches Gespr\u00e4ch. Ich freue mich auf Ihre Nachricht.Herzliche [&hellip;]\" \/>\n<meta property=\"og:url\" content=\"https:\/\/sven-krueger.com\/?page_id=226\" \/>\n<meta property=\"og:site_name\" content=\"Sven Kr\u00fcger - MAKEbelieve\" \/>\n<meta property=\"article:modified_time\" content=\"2025-04-25T06:44:53+00:00\" \/>\n<meta name=\"twitter:card\" content=\"summary_large_image\" \/>\n<meta name=\"twitter:site\" content=\"@svnkrgr\" \/>\n<meta name=\"twitter:label1\" content=\"Gesch\u00e4tzte Lesezeit\" \/>\n\t<meta name=\"twitter:data1\" content=\"9\u00a0Minuten\" \/>\n<script type=\"application\/ld+json\" class=\"yoast-schema-graph\">{\"@context\":\"https:\\\/\\\/schema.org\",\"@graph\":[{\"@type\":\"WebPage\",\"@id\":\"https:\\\/\\\/sven-krueger.com\\\/?page_id=226\",\"url\":\"https:\\\/\\\/sven-krueger.com\\\/?page_id=226\",\"name\":\"Kontakt - Sven Kr\u00fcger - MAKEbelieve\",\"isPartOf\":{\"@id\":\"https:\\\/\\\/sven-krueger.com\\\/#website\"},\"datePublished\":\"2020-06-28T20:33:00+00:00\",\"dateModified\":\"2025-04-25T06:44:53+00:00\",\"breadcrumb\":{\"@id\":\"https:\\\/\\\/sven-krueger.com\\\/?page_id=226#breadcrumb\"},\"inLanguage\":\"de\",\"potentialAction\":[{\"@type\":\"ReadAction\",\"target\":[\"https:\\\/\\\/sven-krueger.com\\\/?page_id=226\"]}]},{\"@type\":\"BreadcrumbList\",\"@id\":\"https:\\\/\\\/sven-krueger.com\\\/?page_id=226#breadcrumb\",\"itemListElement\":[{\"@type\":\"ListItem\",\"position\":1,\"name\":\"Startseite\",\"item\":\"https:\\\/\\\/sven-krueger.com\\\/\"},{\"@type\":\"ListItem\",\"position\":2,\"name\":\"Kontakt\"}]},{\"@type\":\"WebSite\",\"@id\":\"https:\\\/\\\/sven-krueger.com\\\/#website\",\"url\":\"https:\\\/\\\/sven-krueger.com\\\/\",\"name\":\"Sven Kr\u00fcger - MAKEbelieve\",\"description\":\"Executive Coaching | Marketing &amp; Digital Business Consulting | Mediation | Keynotespeaker\",\"publisher\":{\"@id\":\"https:\\\/\\\/sven-krueger.com\\\/#\\\/schema\\\/person\\\/90950e321735d2261e195a227d8ed320\"},\"potentialAction\":[{\"@type\":\"SearchAction\",\"target\":{\"@type\":\"EntryPoint\",\"urlTemplate\":\"https:\\\/\\\/sven-krueger.com\\\/?s={search_term_string}\"},\"query-input\":{\"@type\":\"PropertyValueSpecification\",\"valueRequired\":true,\"valueName\":\"search_term_string\"}}],\"inLanguage\":\"de\"},{\"@type\":[\"Person\",\"Organization\"],\"@id\":\"https:\\\/\\\/sven-krueger.com\\\/#\\\/schema\\\/person\\\/90950e321735d2261e195a227d8ed320\",\"name\":\"Sven Kr\u00fcger\",\"image\":{\"@type\":\"ImageObject\",\"inLanguage\":\"de\",\"@id\":\"https:\\\/\\\/sven-krueger.com\\\/wp-content\\\/uploads\\\/2020\\\/08\\\/Sven-Kru\u0308ger.jpg\",\"url\":\"https:\\\/\\\/sven-krueger.com\\\/wp-content\\\/uploads\\\/2020\\\/08\\\/Sven-Kru\u0308ger.jpg\",\"contentUrl\":\"https:\\\/\\\/sven-krueger.com\\\/wp-content\\\/uploads\\\/2020\\\/08\\\/Sven-Kru\u0308ger.jpg\",\"width\":688,\"height\":687,\"caption\":\"Sven Kr\u00fcger\"},\"logo\":{\"@id\":\"https:\\\/\\\/sven-krueger.com\\\/wp-content\\\/uploads\\\/2020\\\/08\\\/Sven-Kru\u0308ger.jpg\"},\"sameAs\":[\"http:\\\/\\\/sven-krueger.com\",\"https:\\\/\\\/www.instagram.com\\\/svnkrgr\\\/\",\"https:\\\/\\\/www.linkedin.com\\\/in\\\/svenkrueger\\\/\",\"https:\\\/\\\/x.com\\\/svnkrgr\"]}]}<\/script>\n<!-- \/ Yoast SEO plugin. -->","yoast_head_json":{"title":"Kontakt - Sven Kr\u00fcger - MAKEbelieve","robots":{"index":"index","follow":"follow","max-snippet":"max-snippet:-1","max-image-preview":"max-image-preview:large","max-video-preview":"max-video-preview:-1"},"canonical":"https:\/\/sven-krueger.com\/?page_id=226","og_locale":"de_DE","og_type":"article","og_title":"Kontakt - Sven Kr\u00fcger - MAKEbelieve","og_description":"Kontakt Sie haben Fragen zu Coaching oder Beratung oder brauchen Mediation, um einen Konflikt zu l\u00f6sen?Sie m\u00f6chten mich f\u00fcr einen Vortrag buchen oder meine Sed Card anfragen? Oder haben Sie eine tolle Projektidee? Schreiben Sie mir eine kurze Nachricht \u2013 gerne auch mit Ihrer Telefonnummer f\u00fcr ein pers\u00f6nliches Gespr\u00e4ch. Ich freue mich auf Ihre Nachricht.Herzliche [&hellip;]","og_url":"https:\/\/sven-krueger.com\/?page_id=226","og_site_name":"Sven Kr\u00fcger - MAKEbelieve","article_modified_time":"2025-04-25T06:44:53+00:00","twitter_card":"summary_large_image","twitter_site":"@svnkrgr","twitter_misc":{"Gesch\u00e4tzte Lesezeit":"9\u00a0Minuten"},"schema":{"@context":"https:\/\/schema.org","@graph":[{"@type":"WebPage","@id":"https:\/\/sven-krueger.com\/?page_id=226","url":"https:\/\/sven-krueger.com\/?page_id=226","name":"Kontakt - Sven Kr\u00fcger - MAKEbelieve","isPartOf":{"@id":"https:\/\/sven-krueger.com\/#website"},"datePublished":"2020-06-28T20:33:00+00:00","dateModified":"2025-04-25T06:44:53+00:00","breadcrumb":{"@id":"https:\/\/sven-krueger.com\/?page_id=226#breadcrumb"},"inLanguage":"de","potentialAction":[{"@type":"ReadAction","target":["https:\/\/sven-krueger.com\/?page_id=226"]}]},{"@type":"BreadcrumbList","@id":"https:\/\/sven-krueger.com\/?page_id=226#breadcrumb","itemListElement":[{"@type":"ListItem","position":1,"name":"Startseite","item":"https:\/\/sven-krueger.com\/"},{"@type":"ListItem","position":2,"name":"Kontakt"}]},{"@type":"WebSite","@id":"https:\/\/sven-krueger.com\/#website","url":"https:\/\/sven-krueger.com\/","name":"Sven Kr\u00fcger - MAKEbelieve","description":"Executive Coaching | Marketing &amp; Digital Business Consulting | Mediation | Keynotespeaker","publisher":{"@id":"https:\/\/sven-krueger.com\/#\/schema\/person\/90950e321735d2261e195a227d8ed320"},"potentialAction":[{"@type":"SearchAction","target":{"@type":"EntryPoint","urlTemplate":"https:\/\/sven-krueger.com\/?s={search_term_string}"},"query-input":{"@type":"PropertyValueSpecification","valueRequired":true,"valueName":"search_term_string"}}],"inLanguage":"de"},{"@type":["Person","Organization"],"@id":"https:\/\/sven-krueger.com\/#\/schema\/person\/90950e321735d2261e195a227d8ed320","name":"Sven Kr\u00fcger","image":{"@type":"ImageObject","inLanguage":"de","@id":"https:\/\/sven-krueger.com\/wp-content\/uploads\/2020\/08\/Sven-Kru\u0308ger.jpg","url":"https:\/\/sven-krueger.com\/wp-content\/uploads\/2020\/08\/Sven-Kru\u0308ger.jpg","contentUrl":"https:\/\/sven-krueger.com\/wp-content\/uploads\/2020\/08\/Sven-Kru\u0308ger.jpg","width":688,"height":687,"caption":"Sven Kr\u00fcger"},"logo":{"@id":"https:\/\/sven-krueger.com\/wp-content\/uploads\/2020\/08\/Sven-Kru\u0308ger.jpg"},"sameAs":["http:\/\/sven-krueger.com","https:\/\/www.instagram.com\/svnkrgr\/","https:\/\/www.linkedin.com\/in\/svenkrueger\/","https:\/\/x.com\/svnkrgr"]}]}},"_links":{"self":[{"href":"https:\/\/sven-krueger.com\/index.php?rest_route=\/wp\/v2\/pages\/226","targetHints":{"allow":["GET"]}}],"collection":[{"href":"https:\/\/sven-krueger.com\/index.php?rest_route=\/wp\/v2\/pages"}],"about":[{"href":"https:\/\/sven-krueger.com\/index.php?rest_route=\/wp\/v2\/types\/page"}],"author":[{"embeddable":true,"href":"https:\/\/sven-krueger.com\/index.php?rest_route=\/wp\/v2\/users\/1"}],"replies":[{"embeddable":true,"href":"https:\/\/sven-krueger.com\/index.php?rest_route=%2Fwp%2Fv2%2Fcomments&post=226"}],"version-history":[{"count":8,"href":"https:\/\/sven-krueger.com\/index.php?rest_route=\/wp\/v2\/pages\/226\/revisions"}],"predecessor-version":[{"id":1507,"href":"https:\/\/sven-krueger.com\/index.php?rest_route=\/wp\/v2\/pages\/226\/revisions\/1507"}],"wp:attachment":[{"href":"https:\/\/sven-krueger.com\/index.php?rest_route=%2Fwp%2Fv2%2Fmedia&parent=226"}],"curies":[{"name":"wp","href":"https:\/\/api.w.org\/{rel}","templated":true}]}}